{"id":759,"date":"2022-06-12T09:09:46","date_gmt":"2022-06-12T09:09:46","guid":{"rendered":"https:\/\/kinderdagverblijfdevierseizoenen.nl\/ons-team\/"},"modified":"2022-11-21T17:47:03","modified_gmt":"2022-11-21T17:47:03","slug":"our-team","status":"publish","type":"page","link":"https:\/\/kinderdagverblijfdevierseizoenen.nl\/en\/our-team\/","title":{"rendered":"Our team"},"content":{"rendered":"<p>We work with a team of experienced, enthusiastic and competent pedagogical staff. In our pleasant, tranquil environment your child, our guest, will receive plenty of personal attention, warmth and security from a team member, he or she knows or recognizes. We strive for one-on-one attention. No changing faces, no unrest, but just tranquillity, rhythm, hygiene and regularity. De Vier Seizoenen will immediately feel like home.<\/p>\n<p>Our team pays a lot of attention to the pedagogical guidance of all the various aspects of development. Always in good consultation. We closely monitor your child&#8217;s development in Bitcare, our online system that gives you access to information related to your child&#8217;s care and development. Read more about Bitcare <a href=\"https:\/\/kinderdagverblijfdevierseizoenen.nl\/en\/how-we-work-our-methods\/\">here<\/a>.<\/p>\n<p>Working in childcare requires involvement and commitment. As a team, we see each other as pedagogical professionals. We are continuously working on self-development and professionalisation. We keep up to date by learning more about, for example, healthy nutrition, gardening, sleeping rhythms and specialised baby care.<\/p>\n<p>We work according to our pedagogical policy and protocols (for example illness, safe sleeping and accidents). These documents are available at our location. In our pedagogical policy plan &#8220;Ambiance and experience in a green environment&#8221; you can read our vision on high-quality care, education and how we put this into practice. During the introductory meeting and the tour, we will also extensively explain our pedagogical policy. Feel free to <a href=\"https:\/\/kinderdagverblijfdevierseizoenen.nl\/en\/contact\/\">contact<\/a> us for more information.<\/p>\n","protected":false},"excerpt":{"rendered":"<p>We work with a team of experienced, enthusiastic and competent pedagogical staff. In our pleasant, tranquil environment your child, our guest, will receive plenty of personal attention, warmth and security from a team member, he or she knows or recognizes. We strive for one-on-one attention. No changing faces, no unrest, but just tranquillity, rhythm, hygiene [&hellip;]<\/p>\n","protected":false},"author":2,"featured_media":0,"parent":0,"menu_order":0,"comment_status":"closed","ping_status":"closed","template":"","meta":{"_acf_changed":false,"footnotes":""},"class_list":["post-759","page","type-page","status-publish","hentry"],"acf":[],"yoast_head":"<!-- This site is optimized with the Yoast SEO plugin v26.8 - https:\/\/yoast.com\/product\/yoast-seo-wordpress\/ -->\n<title>Our team - Kinderdagverblijf de Vier Seizoenen<\/title>\n<meta name=\"description\" content=\"We streven naar \u00e9\u00e9n-op-\u00e9\u00e9n aandacht. Geen wisselende gezichten en geen onrust. De Vier Seizoenen zal meteen als thuis voelen.\" \/>\n<meta name=\"robots\" content=\"index, follow, max-snippet:-1, max-image-preview:large, max-video-preview:-1\" \/>\n<link rel=\"canonical\" href=\"https:\/\/kinderdagverblijfdevierseizoenen.nl\/en\/our-team\/\" \/>\n<meta property=\"og:locale\" content=\"en_US\" \/>\n<meta property=\"og:type\" content=\"article\" \/>\n<meta property=\"og:title\" content=\"Our team - Kinderdagverblijf de Vier Seizoenen\" \/>\n<meta property=\"og:description\" content=\"We streven naar \u00e9\u00e9n-op-\u00e9\u00e9n aandacht. Geen wisselende gezichten en geen onrust. De Vier Seizoenen zal meteen als thuis voelen.\" \/>\n<meta property=\"og:url\" content=\"https:\/\/kinderdagverblijfdevierseizoenen.nl\/en\/our-team\/\" \/>\n<meta property=\"og:site_name\" content=\"Kinderdagverblijf de Vier Seizoenen\" \/>\n<meta property=\"article:modified_time\" content=\"2022-11-21T17:47:03+00:00\" \/>\n<meta name=\"twitter:card\" content=\"summary_large_image\" \/>\n<meta name=\"twitter:label1\" content=\"Est. reading time\" \/>\n\t<meta name=\"twitter:data1\" content=\"2 minutes\" \/>\n<script type=\"application\/ld+json\" class=\"yoast-schema-graph\">{\"@context\":\"https:\/\/schema.org\",\"@graph\":[{\"@type\":\"WebPage\",\"@id\":\"https:\/\/kinderdagverblijfdevierseizoenen.nl\/en\/our-team\/\",\"url\":\"https:\/\/kinderdagverblijfdevierseizoenen.nl\/en\/our-team\/\",\"name\":\"Our team - Kinderdagverblijf de Vier Seizoenen\",\"isPartOf\":{\"@id\":\"https:\/\/kinderdagverblijfdevierseizoenen.nl\/en\/#website\"},\"datePublished\":\"2022-06-12T09:09:46+00:00\",\"dateModified\":\"2022-11-21T17:47:03+00:00\",\"description\":\"We streven naar \u00e9\u00e9n-op-\u00e9\u00e9n aandacht. Geen wisselende gezichten en geen onrust. De Vier Seizoenen zal meteen als thuis voelen.\",\"breadcrumb\":{\"@id\":\"https:\/\/kinderdagverblijfdevierseizoenen.nl\/en\/our-team\/#breadcrumb\"},\"inLanguage\":\"en-US\",\"potentialAction\":[{\"@type\":\"ReadAction\",\"target\":[\"https:\/\/kinderdagverblijfdevierseizoenen.nl\/en\/our-team\/\"]}]},{\"@type\":\"BreadcrumbList\",\"@id\":\"https:\/\/kinderdagverblijfdevierseizoenen.nl\/en\/our-team\/#breadcrumb\",\"itemListElement\":[{\"@type\":\"ListItem\",\"position\":1,\"name\":\"Home\",\"item\":\"https:\/\/kinderdagverblijfdevierseizoenen.nl\/en\/home\/\"},{\"@type\":\"ListItem\",\"position\":2,\"name\":\"Our team\"}]},{\"@type\":\"WebSite\",\"@id\":\"https:\/\/kinderdagverblijfdevierseizoenen.nl\/en\/#website\",\"url\":\"https:\/\/kinderdagverblijfdevierseizoenen.nl\/en\/\",\"name\":\"Kinderdagverblijf de Vier Seizoenen\",\"description\":\"\",\"potentialAction\":[{\"@type\":\"SearchAction\",\"target\":{\"@type\":\"EntryPoint\",\"urlTemplate\":\"https:\/\/kinderdagverblijfdevierseizoenen.nl\/en\/?s={search_term_string}\"},\"query-input\":{\"@type\":\"PropertyValueSpecification\",\"valueRequired\":true,\"valueName\":\"search_term_string\"}}],\"inLanguage\":\"en-US\"}]}<\/script>\n<!-- \/ Yoast SEO plugin. -->","yoast_head_json":{"title":"Our team - Kinderdagverblijf de Vier Seizoenen","description":"We streven naar \u00e9\u00e9n-op-\u00e9\u00e9n aandacht. Geen wisselende gezichten en geen onrust. De Vier Seizoenen zal meteen als thuis voelen.","robots":{"index":"index","follow":"follow","max-snippet":"max-snippet:-1","max-image-preview":"max-image-preview:large","max-video-preview":"max-video-preview:-1"},"canonical":"https:\/\/kinderdagverblijfdevierseizoenen.nl\/en\/our-team\/","og_locale":"en_US","og_type":"article","og_title":"Our team - Kinderdagverblijf de Vier Seizoenen","og_description":"We streven naar \u00e9\u00e9n-op-\u00e9\u00e9n aandacht. Geen wisselende gezichten en geen onrust. De Vier Seizoenen zal meteen als thuis voelen.","og_url":"https:\/\/kinderdagverblijfdevierseizoenen.nl\/en\/our-team\/","og_site_name":"Kinderdagverblijf de Vier Seizoenen","article_modified_time":"2022-11-21T17:47:03+00:00","twitter_card":"summary_large_image","twitter_misc":{"Est. reading time":"2 minutes"},"schema":{"@context":"https:\/\/schema.org","@graph":[{"@type":"WebPage","@id":"https:\/\/kinderdagverblijfdevierseizoenen.nl\/en\/our-team\/","url":"https:\/\/kinderdagverblijfdevierseizoenen.nl\/en\/our-team\/","name":"Our team - Kinderdagverblijf de Vier Seizoenen","isPartOf":{"@id":"https:\/\/kinderdagverblijfdevierseizoenen.nl\/en\/#website"},"datePublished":"2022-06-12T09:09:46+00:00","dateModified":"2022-11-21T17:47:03+00:00","description":"We streven naar \u00e9\u00e9n-op-\u00e9\u00e9n aandacht. Geen wisselende gezichten en geen onrust. De Vier Seizoenen zal meteen als thuis voelen.","breadcrumb":{"@id":"https:\/\/kinderdagverblijfdevierseizoenen.nl\/en\/our-team\/#breadcrumb"},"inLanguage":"en-US","potentialAction":[{"@type":"ReadAction","target":["https:\/\/kinderdagverblijfdevierseizoenen.nl\/en\/our-team\/"]}]},{"@type":"BreadcrumbList","@id":"https:\/\/kinderdagverblijfdevierseizoenen.nl\/en\/our-team\/#breadcrumb","itemListElement":[{"@type":"ListItem","position":1,"name":"Home","item":"https:\/\/kinderdagverblijfdevierseizoenen.nl\/en\/home\/"},{"@type":"ListItem","position":2,"name":"Our team"}]},{"@type":"WebSite","@id":"https:\/\/kinderdagverblijfdevierseizoenen.nl\/en\/#website","url":"https:\/\/kinderdagverblijfdevierseizoenen.nl\/en\/","name":"Kinderdagverblijf de Vier Seizoenen","description":"","potentialAction":[{"@type":"SearchAction","target":{"@type":"EntryPoint","urlTemplate":"https:\/\/kinderdagverblijfdevierseizoenen.nl\/en\/?s={search_term_string}"},"query-input":{"@type":"PropertyValueSpecification","valueRequired":true,"valueName":"search_term_string"}}],"inLanguage":"en-US"}]}},"_links":{"self":[{"href":"https:\/\/kinderdagverblijfdevierseizoenen.nl\/en\/wp-json\/wp\/v2\/pages\/759","targetHints":{"allow":["GET"]}}],"collection":[{"href":"https:\/\/kinderdagverblijfdevierseizoenen.nl\/en\/wp-json\/wp\/v2\/pages"}],"about":[{"href":"https:\/\/kinderdagverblijfdevierseizoenen.nl\/en\/wp-json\/wp\/v2\/types\/page"}],"author":[{"embeddable":true,"href":"https:\/\/kinderdagverblijfdevierseizoenen.nl\/en\/wp-json\/wp\/v2\/users\/2"}],"replies":[{"embeddable":true,"href":"https:\/\/kinderdagverblijfdevierseizoenen.nl\/en\/wp-json\/wp\/v2\/comments?post=759"}],"version-history":[{"count":3,"href":"https:\/\/kinderdagverblijfdevierseizoenen.nl\/en\/wp-json\/wp\/v2\/pages\/759\/revisions"}],"predecessor-version":[{"id":804,"href":"https:\/\/kinderdagverblijfdevierseizoenen.nl\/en\/wp-json\/wp\/v2\/pages\/759\/revisions\/804"}],"wp:attachment":[{"href":"https:\/\/kinderdagverblijfdevierseizoenen.nl\/en\/wp-json\/wp\/v2\/media?parent=759"}],"curies":[{"name":"wp","href":"https:\/\/api.w.org\/{rel}","templated":true}]}}